{"id":441,"date":"2023-02-05T17:32:42","date_gmt":"2023-02-05T16:32:42","guid":{"rendered":"http:\/\/wordpress.p634997.webspaceconfig.de\/?page_id=441"},"modified":"2024-08-15T10:37:34","modified_gmt":"2024-08-15T08:37:34","slug":"nachhaltigkeit","status":"publish","type":"page","link":"https:\/\/www.villa-collection.de\/de\/ueber-uns\/nachhaltigkeit\/","title":{"rendered":"Nachhaltigkeit"},"content":{"rendered":"\t\t<div data-elementor-type=\"wp-page\" data-elementor-id=\"441\" class=\"elementor elementor-441\" data-elementor-settings=\"{&quot;element_pack_global_tooltip_width&quot;:{&quot;unit&quot;:&quot;px&quot;,&quot;size&quot;:&quot;&quot;,&quot;sizes&quot;:[]},&quot;element_pack_global_tooltip_width_tablet&quot;:{&quot;unit&quot;:&quot;px&quot;,&quot;size&quot;:&quot;&quot;,&quot;sizes&quot;:[]},&quot;element_pack_global_tooltip_width_mobile&quot;:{&quot;unit&quot;:&quot;px&quot;,&quot;size&quot;:&quot;&quot;,&quot;sizes&quot;:[]},&quot;element_pack_global_tooltip_padding&quot;:{&quot;unit&quot;:&quot;px&quot;,&quot;top&quot;:&quot;&quot;,&quot;right&quot;:&quot;&quot;,&quot;bottom&quot;:&quot;&quot;,&quot;left&quot;:&quot;&quot;,&quot;isLinked&quot;:true},&quot;element_pack_global_tooltip_padding_tablet&quot;:{&quot;unit&quot;:&quot;px&quot;,&quot;top&quot;:&quot;&quot;,&quot;right&quot;:&quot;&quot;,&quot;bottom&quot;:&quot;&quot;,&quot;left&quot;:&quot;&quot;,&quot;isLinked&quot;:true},&quot;element_pack_global_tooltip_padding_mobile&quot;:{&quot;unit&quot;:&quot;px&quot;,&quot;top&quot;:&quot;&quot;,&quot;right&quot;:&quot;&quot;,&quot;bottom&quot;:&quot;&quot;,&quot;left&quot;:&quot;&quot;,&quot;isLinked&quot;:true},&quot;element_pack_global_tooltip_border_radius&quot;:{&quot;unit&quot;:&quot;px&quot;,&quot;top&quot;:&quot;&quot;,&quot;right&quot;:&quot;&quot;,&quot;bottom&quot;:&quot;&quot;,&quot;left&quot;:&quot;&quot;,&quot;isLinked&quot;:true},&quot;element_pack_global_tooltip_border_radius_tablet&quot;:{&quot;unit&quot;:&quot;px&quot;,&quot;top&quot;:&quot;&quot;,&quot;right&quot;:&quot;&quot;,&quot;bottom&quot;:&quot;&quot;,&quot;left&quot;:&quot;&quot;,&quot;isLinked&quot;:true},&quot;element_pack_global_tooltip_border_radius_mobile&quot;:{&quot;unit&quot;:&quot;px&quot;,&quot;top&quot;:&quot;&quot;,&quot;right&quot;:&quot;&quot;,&quot;bottom&quot;:&quot;&quot;,&quot;left&quot;:&quot;&quot;,&quot;isLinked&quot;:true}}\" data-elementor-post-type=\"page\">\n\t\t\t\t<div class=\"elementor-element elementor-element-7bfd6d6 e-con-full e-flex e-con e-parent\" data-id=\"7bfd6d6\" data-element_type=\"container\" data-e-type=\"container\" data-settings=\"{&quot;background_background&quot;:&quot;classic&quot;}\">\n\t\t\t\t<\/div>\n\t\t<div class=\"elementor-element elementor-element-bb5fb19 e-flex e-con-boxed e-con e-parent\" data-id=\"bb5fb19\" data-element_type=\"container\" data-e-type=\"container\" data-settings=\"{&quot;background_background&quot;:&quot;classic&quot;}\">\n\t\t\t\t\t<div class=\"e-con-inner\">\n\t\t<div class=\"elementor-element elementor-element-9d88a4e e-con-full e-flex e-con e-child\" data-id=\"9d88a4e\" data-element_type=\"container\" data-e-type=\"container\">\n\t\t\t\t<div class=\"elementor-element elementor-element-634b7c8 elementor-widget elementor-widget-bdt-breadcrumbs\" data-id=\"634b7c8\" data-element_type=\"widget\" data-e-type=\"widget\" data-widget_type=\"bdt-breadcrumbs.default\">\n\t\t\t\t<div class=\"elementor-widget-container\">\n\t\t\t\t\t<div class='bdt-ep-breadcrumbs-wrapper'><ul class=\"bdt-ep-breadcrumb breadcrumb-align-left  \"><li><a href=\"https:\/\/www.villa-collection.de\/de\/\">Villa Collection<\/a><\/li>\n<li><span> Seite<\/span><\/li>\n<\/ul><\/div>\t\t\t\t<\/div>\n\t\t\t\t<\/div>\n\t\t\t\t<\/div>\n\t\t\t\t\t<\/div>\n\t\t\t\t<\/div>\n\t\t<div class=\"elementor-element elementor-element-5c52788 e-flex e-con-boxed e-con e-parent\" data-id=\"5c52788\" data-element_type=\"container\" data-e-type=\"container\" data-settings=\"{&quot;background_background&quot;:&quot;classic&quot;}\">\n\t\t\t\t\t<div class=\"e-con-inner\">\n\t\t<div class=\"elementor-element elementor-element-b35bbad e-con-full e-flex e-con e-child\" data-id=\"b35bbad\" data-element_type=\"container\" data-e-type=\"container\">\n\t\t<div class=\"elementor-element elementor-element-7f4f08a e-con-full elementor-hidden-tablet elementor-hidden-mobile e-flex e-con e-child\" data-id=\"7f4f08a\" data-element_type=\"container\" data-e-type=\"container\">\n\t\t\t\t<div class=\"elementor-element elementor-element-8f650e8 elementor-nav-menu--dropdown-none elementor-widget elementor-widget-nav-menu\" data-id=\"8f650e8\" data-element_type=\"widget\" data-e-type=\"widget\" data-settings=\"{&quot;layout&quot;:&quot;vertical&quot;,&quot;submenu_icon&quot;:{&quot;value&quot;:&quot;&lt;i class=\\&quot;fas fa-caret-down\\&quot; aria-hidden=\\&quot;true\\&quot;&gt;&lt;\\\/i&gt;&quot;,&quot;library&quot;:&quot;fa-solid&quot;}}\" data-widget_type=\"nav-menu.default\">\n\t\t\t\t<div class=\"elementor-widget-container\">\n\t\t\t\t\t\t\t\t<nav aria-label=\"Men\u00fc\" class=\"elementor-nav-menu--main elementor-nav-menu__container elementor-nav-menu--layout-vertical e--pointer-none\">\n\t\t\t\t<ul id=\"menu-1-8f650e8\" class=\"elementor-nav-menu sm-vertical\"><li class=\"menu-item menu-item-type-post_type menu-item-object-page menu-item-4390\"><a href=\"https:\/\/www.villa-collection.de\/de\/ueber-uns\/\" class=\"elementor-item\">Gastgeber Familie Schreiber<\/a><\/li>\n<li class=\"menu-item menu-item-type-post_type menu-item-object-page menu-item-7291\"><a href=\"https:\/\/www.villa-collection.de\/de\/ueber-uns\/unsere-erlebniswelt\/\" class=\"elementor-item\">Unsere Erlebniswelt<\/a><\/li>\n<li class=\"menu-item menu-item-type-post_type menu-item-object-page menu-item-4396\"><a href=\"https:\/\/www.villa-collection.de\/de\/ueber-uns\/deine-arbeitskollegen\/\" class=\"elementor-item\">Deine Arbeitskollegen<\/a><\/li>\n<li class=\"menu-item menu-item-type-post_type menu-item-object-page menu-item-4397\"><a href=\"https:\/\/www.villa-collection.de\/de\/social-wall\/\" class=\"elementor-item\">#villafamilie<\/a><\/li>\n<li class=\"menu-item menu-item-type-post_type menu-item-object-page menu-item-5290\"><a href=\"https:\/\/www.villa-collection.de\/de\/ueber-uns\/werte-visionen\/\" class=\"elementor-item\">Vision<\/a><\/li>\n<\/ul>\t\t\t<\/nav>\n\t\t\t\t\t\t<nav class=\"elementor-nav-menu--dropdown elementor-nav-menu__container\" aria-hidden=\"true\">\n\t\t\t\t<ul id=\"menu-2-8f650e8\" class=\"elementor-nav-menu sm-vertical\"><li class=\"menu-item menu-item-type-post_type menu-item-object-page menu-item-4390\"><a href=\"https:\/\/www.villa-collection.de\/de\/ueber-uns\/\" class=\"elementor-item\" tabindex=\"-1\">Gastgeber Familie Schreiber<\/a><\/li>\n<li class=\"menu-item menu-item-type-post_type menu-item-object-page menu-item-7291\"><a href=\"https:\/\/www.villa-collection.de\/de\/ueber-uns\/unsere-erlebniswelt\/\" class=\"elementor-item\" tabindex=\"-1\">Unsere Erlebniswelt<\/a><\/li>\n<li class=\"menu-item menu-item-type-post_type menu-item-object-page menu-item-4396\"><a href=\"https:\/\/www.villa-collection.de\/de\/ueber-uns\/deine-arbeitskollegen\/\" class=\"elementor-item\" tabindex=\"-1\">Deine Arbeitskollegen<\/a><\/li>\n<li class=\"menu-item menu-item-type-post_type menu-item-object-page menu-item-4397\"><a href=\"https:\/\/www.villa-collection.de\/de\/social-wall\/\" class=\"elementor-item\" tabindex=\"-1\">#villafamilie<\/a><\/li>\n<li class=\"menu-item menu-item-type-post_type menu-item-object-page menu-item-5290\"><a href=\"https:\/\/www.villa-collection.de\/de\/ueber-uns\/werte-visionen\/\" class=\"elementor-item\" tabindex=\"-1\">Vision<\/a><\/li>\n<\/ul>\t\t\t<\/nav>\n\t\t\t\t\t\t<\/div>\n\t\t\t\t<\/div>\n\t\t\t\t<\/div>\n\t\t<div class=\"elementor-element elementor-element-3fea210 e-con-full e-flex e-con e-child\" data-id=\"3fea210\" data-element_type=\"container\" data-e-type=\"container\">\n\t\t\t\t<div class=\"elementor-element elementor-element-91746b2 elementor-widget elementor-widget-heading\" data-id=\"91746b2\" data-element_type=\"widget\" data-e-type=\"widget\" data-widget_type=\"heading.default\">\n\t\t\t\t<div class=\"elementor-widget-container\">\n\t\t\t\t\t<h2 class=\"elementor-heading-title elementor-size-default\">Unsere Villa Nachhaltigkeits - Vision <\/h2>\t\t\t\t<\/div>\n\t\t\t\t<\/div>\n\t\t\t\t<div class=\"elementor-element elementor-element-70276f8 elementor-widget elementor-widget-text-editor\" data-id=\"70276f8\" data-element_type=\"widget\" data-e-type=\"widget\" data-widget_type=\"text-editor.default\">\n\t\t\t\t<div class=\"elementor-widget-container\">\n\t\t\t\t\t\t\t\t\t<p>Nachhaltiges Handeln als solches betrachten wir zun\u00e4chst als einen st\u00e4ndig andauernden und fortlaufenden (Lern-) Prozess, welcher per se Potential zur Bewusstseinserweiterung f\u00fcr jeden einzelnen birgt. In der t\u00e4glichen Praxis bedeutet dies, dass wir die Art und Weise wie wir handeln mit vollem Bewusstsein t\u00e4tigen, aber auch stets hinterfragen. Alle Entscheidungen, die unsere Umwelt betreffen, vollziehen wir mit Achtsamkeit. Vorausschauendes Agieren und vern\u00fcnftiges Haushalten ist nicht nur im Umgang mit den uns zur Verf\u00fcgung stehenden Ressourcen gefordert. Auch in unserem Teamgef\u00fcge, im Miteinander unter Kollegen und G\u00e4sten, stellt dieser Gedanke einen absoluten Grundsatz f\u00fcr uns dar.\u00a0\u00a0<\/p><p>Langfristig ergiebige nach-haltige Entscheidungen treffen\u00a0k\u00f6nnen wir nur auf der Basis eines klaren Bewusstseins. Einem Bewusstsein hinsichtlich Achtsamkeit und Dankbarkeit gegen\u00fcber den uns zur Verf\u00fcgung stehenden Ressourcen und Sch\u00e4tzen der Natur, die wir leider allzu oft als selbstverst\u00e4ndlich und als stets verf\u00fcgbar erachten.\u00a0<\/p>\t\t\t\t\t\t\t\t<\/div>\n\t\t\t\t<\/div>\n\t\t<div class=\"elementor-element elementor-element-5f04947 e-flex e-con-boxed e-con e-child\" data-id=\"5f04947\" data-element_type=\"container\" data-e-type=\"container\">\n\t\t\t\t\t<div class=\"e-con-inner\">\n\t\t\t\t<div class=\"elementor-element elementor-element-0dcecca elementor-widget elementor-widget-html\" data-id=\"0dcecca\" data-element_type=\"widget\" data-e-type=\"widget\" data-widget_type=\"html.default\">\n\t\t\t\t<div class=\"elementor-widget-container\">\n\t\t\t\t\t<script>\n\t(function(h,o,t,e,l,g,s){h[l]=h[l]||function(){\n\t\t(h[l].q=h[l].q||[]).push(arguments)},h[l].l=1*new Date();g=o.createElement(t),\n\t\ts=o.getElementsByTagName(t)[0];g.async=1;g.src=e;s.parentNode.insertBefore(g,s)\n\t\t\t\t\t\t\t\t\t\t\t\t\t})(window,document,'script','https:\/\/api.greensign.de\/widget\/greensign.js','gs');\n\tgs(\"GS00492\", { container: \"#green-sign\" });                \n<\/script>\n<style>\n    #green-sign .gs-widget-container {\n        box-shadow: none !important;\n    }\n<\/style>\n<div id=\"green-sign\"><\/div>\t\t\t\t<\/div>\n\t\t\t\t<\/div>\n\t\t\t\t\t<\/div>\n\t\t\t\t<\/div>\n\t\t\t\t<\/div>\n\t\t\t\t<\/div>\n\t\t\t\t\t<\/div>\n\t\t\t\t<\/div>\n\t\t\t\t<\/div>\n\t\t","protected":false},"excerpt":{"rendered":"<p>Villa Collection Seite Unsere Villa Nachhaltigkeits &#8211; Vision Nachhaltiges Handeln als solches betrachten wir zun\u00e4chst als einen st\u00e4ndig andauernden und fortlaufenden (Lern-) Prozess, welcher per se Potential zur Bewusstseinserweiterung f\u00fcr jeden einzelnen birgt. In der t\u00e4glichen Praxis bedeutet dies, dass wir die Art und Weise wie wir handeln mit vollem Bewusstsein t\u00e4tigen, aber auch stets [&hellip;]<\/p>\n","protected":false},"author":2,"featured_media":0,"parent":427,"menu_order":0,"comment_status":"closed","ping_status":"closed","template":"","meta":{"_acf_changed":false,"footnotes":""},"class_list":["post-441","page","type-page","status-publish","hentry"],"acf":[],"yoast_head":"<!-- This site is optimized with the Yoast SEO plugin v27.3 - https:\/\/yoast.com\/product\/yoast-seo-wordpress\/ -->\n<title>Nachhaltigkeit - Villa Collection<\/title>\n<meta name=\"robots\" content=\"index, follow, max-snippet:-1, max-image-preview:large, max-video-preview:-1\" \/>\n<link rel=\"canonical\" href=\"https:\/\/www.villa-collection.de\/de\/ueber-uns\/nachhaltigkeit\/\" \/>\n<meta property=\"og:locale\" content=\"de_DE\" \/>\n<meta property=\"og:type\" content=\"article\" \/>\n<meta property=\"og:title\" content=\"Nachhaltigkeit - Villa Collection\" \/>\n<meta property=\"og:description\" content=\"Villa Collection Seite Unsere Villa Nachhaltigkeits &#8211; Vision Nachhaltiges Handeln als solches betrachten wir zun\u00e4chst als einen st\u00e4ndig andauernden und fortlaufenden (Lern-) Prozess, welcher per se Potential zur Bewusstseinserweiterung f\u00fcr jeden einzelnen birgt. In der t\u00e4glichen Praxis bedeutet dies, dass wir die Art und Weise wie wir handeln mit vollem Bewusstsein t\u00e4tigen, aber auch stets [&hellip;]\" \/>\n<meta property=\"og:url\" content=\"https:\/\/www.villa-collection.de\/de\/ueber-uns\/nachhaltigkeit\/\" \/>\n<meta property=\"og:site_name\" content=\"Villa Collection\" \/>\n<meta property=\"article:modified_time\" content=\"2024-08-15T08:37:34+00:00\" \/>\n<meta name=\"twitter:card\" content=\"summary_large_image\" \/>\n<meta name=\"twitter:label1\" content=\"Gesch\u00e4tzte Lesezeit\" \/>\n\t<meta name=\"twitter:data1\" content=\"2\u00a0Minuten\" \/>\n<script type=\"application\/ld+json\" class=\"yoast-schema-graph\">{\"@context\":\"https:\\\/\\\/schema.org\",\"@graph\":[{\"@type\":\"WebPage\",\"@id\":\"https:\\\/\\\/www.villa-collection.de\\\/de\\\/ueber-uns\\\/nachhaltigkeit\\\/\",\"url\":\"https:\\\/\\\/www.villa-collection.de\\\/de\\\/ueber-uns\\\/nachhaltigkeit\\\/\",\"name\":\"Nachhaltigkeit - Villa Collection\",\"isPartOf\":{\"@id\":\"https:\\\/\\\/www.villa-collection.de\\\/de\\\/#website\"},\"datePublished\":\"2023-02-05T16:32:42+00:00\",\"dateModified\":\"2024-08-15T08:37:34+00:00\",\"breadcrumb\":{\"@id\":\"https:\\\/\\\/www.villa-collection.de\\\/de\\\/ueber-uns\\\/nachhaltigkeit\\\/#breadcrumb\"},\"inLanguage\":\"de\",\"potentialAction\":[{\"@type\":\"ReadAction\",\"target\":[\"https:\\\/\\\/www.villa-collection.de\\\/de\\\/ueber-uns\\\/nachhaltigkeit\\\/\"]}]},{\"@type\":\"BreadcrumbList\",\"@id\":\"https:\\\/\\\/www.villa-collection.de\\\/de\\\/ueber-uns\\\/nachhaltigkeit\\\/#breadcrumb\",\"itemListElement\":[{\"@type\":\"ListItem\",\"position\":1,\"name\":\"Startseite\",\"item\":\"https:\\\/\\\/www.villa-collection.de\\\/de\\\/\"},{\"@type\":\"ListItem\",\"position\":2,\"name\":\"\u00dcber uns\",\"item\":\"https:\\\/\\\/www.villa-collection.de\\\/de\\\/ueber-uns\\\/\"},{\"@type\":\"ListItem\",\"position\":3,\"name\":\"Nachhaltigkeit\"}]},{\"@type\":\"WebSite\",\"@id\":\"https:\\\/\\\/www.villa-collection.de\\\/de\\\/#website\",\"url\":\"https:\\\/\\\/www.villa-collection.de\\\/de\\\/\",\"name\":\"Villa Collection\",\"description\":\"\",\"publisher\":{\"@id\":\"https:\\\/\\\/www.villa-collection.de\\\/de\\\/#organization\"},\"potentialAction\":[{\"@type\":\"SearchAction\",\"target\":{\"@type\":\"EntryPoint\",\"urlTemplate\":\"https:\\\/\\\/www.villa-collection.de\\\/de\\\/?s={search_term_string}\"},\"query-input\":{\"@type\":\"PropertyValueSpecification\",\"valueRequired\":true,\"valueName\":\"search_term_string\"}}],\"inLanguage\":\"de\"},{\"@type\":\"Organization\",\"@id\":\"https:\\\/\\\/www.villa-collection.de\\\/de\\\/#organization\",\"name\":\"Villa Collection\",\"url\":\"https:\\\/\\\/www.villa-collection.de\\\/de\\\/\",\"logo\":{\"@type\":\"ImageObject\",\"inLanguage\":\"de\",\"@id\":\"https:\\\/\\\/www.villa-collection.de\\\/de\\\/#\\\/schema\\\/logo\\\/image\\\/\",\"url\":\"\",\"contentUrl\":\"\",\"caption\":\"Villa Collection\"},\"image\":{\"@id\":\"https:\\\/\\\/www.villa-collection.de\\\/de\\\/#\\\/schema\\\/logo\\\/image\\\/\"}}]}<\/script>\n<!-- \/ Yoast SEO plugin. -->","yoast_head_json":{"title":"Nachhaltigkeit - Villa Collection","robots":{"index":"index","follow":"follow","max-snippet":"max-snippet:-1","max-image-preview":"max-image-preview:large","max-video-preview":"max-video-preview:-1"},"canonical":"https:\/\/www.villa-collection.de\/de\/ueber-uns\/nachhaltigkeit\/","og_locale":"de_DE","og_type":"article","og_title":"Nachhaltigkeit - Villa Collection","og_description":"Villa Collection Seite Unsere Villa Nachhaltigkeits &#8211; Vision Nachhaltiges Handeln als solches betrachten wir zun\u00e4chst als einen st\u00e4ndig andauernden und fortlaufenden (Lern-) Prozess, welcher per se Potential zur Bewusstseinserweiterung f\u00fcr jeden einzelnen birgt. In der t\u00e4glichen Praxis bedeutet dies, dass wir die Art und Weise wie wir handeln mit vollem Bewusstsein t\u00e4tigen, aber auch stets [&hellip;]","og_url":"https:\/\/www.villa-collection.de\/de\/ueber-uns\/nachhaltigkeit\/","og_site_name":"Villa Collection","article_modified_time":"2024-08-15T08:37:34+00:00","twitter_card":"summary_large_image","twitter_misc":{"Gesch\u00e4tzte Lesezeit":"2\u00a0Minuten"},"schema":{"@context":"https:\/\/schema.org","@graph":[{"@type":"WebPage","@id":"https:\/\/www.villa-collection.de\/de\/ueber-uns\/nachhaltigkeit\/","url":"https:\/\/www.villa-collection.de\/de\/ueber-uns\/nachhaltigkeit\/","name":"Nachhaltigkeit - Villa Collection","isPartOf":{"@id":"https:\/\/www.villa-collection.de\/de\/#website"},"datePublished":"2023-02-05T16:32:42+00:00","dateModified":"2024-08-15T08:37:34+00:00","breadcrumb":{"@id":"https:\/\/www.villa-collection.de\/de\/ueber-uns\/nachhaltigkeit\/#breadcrumb"},"inLanguage":"de","potentialAction":[{"@type":"ReadAction","target":["https:\/\/www.villa-collection.de\/de\/ueber-uns\/nachhaltigkeit\/"]}]},{"@type":"BreadcrumbList","@id":"https:\/\/www.villa-collection.de\/de\/ueber-uns\/nachhaltigkeit\/#breadcrumb","itemListElement":[{"@type":"ListItem","position":1,"name":"Startseite","item":"https:\/\/www.villa-collection.de\/de\/"},{"@type":"ListItem","position":2,"name":"\u00dcber uns","item":"https:\/\/www.villa-collection.de\/de\/ueber-uns\/"},{"@type":"ListItem","position":3,"name":"Nachhaltigkeit"}]},{"@type":"WebSite","@id":"https:\/\/www.villa-collection.de\/de\/#website","url":"https:\/\/www.villa-collection.de\/de\/","name":"Villa Collection","description":"","publisher":{"@id":"https:\/\/www.villa-collection.de\/de\/#organization"},"potentialAction":[{"@type":"SearchAction","target":{"@type":"EntryPoint","urlTemplate":"https:\/\/www.villa-collection.de\/de\/?s={search_term_string}"},"query-input":{"@type":"PropertyValueSpecification","valueRequired":true,"valueName":"search_term_string"}}],"inLanguage":"de"},{"@type":"Organization","@id":"https:\/\/www.villa-collection.de\/de\/#organization","name":"Villa Collection","url":"https:\/\/www.villa-collection.de\/de\/","logo":{"@type":"ImageObject","inLanguage":"de","@id":"https:\/\/www.villa-collection.de\/de\/#\/schema\/logo\/image\/","url":"","contentUrl":"","caption":"Villa Collection"},"image":{"@id":"https:\/\/www.villa-collection.de\/de\/#\/schema\/logo\/image\/"}}]}},"_links":{"self":[{"href":"https:\/\/www.villa-collection.de\/de\/wp-json\/wp\/v2\/pages\/441","targetHints":{"allow":["GET"]}}],"collection":[{"href":"https:\/\/www.villa-collection.de\/de\/wp-json\/wp\/v2\/pages"}],"about":[{"href":"https:\/\/www.villa-collection.de\/de\/wp-json\/wp\/v2\/types\/page"}],"author":[{"embeddable":true,"href":"https:\/\/www.villa-collection.de\/de\/wp-json\/wp\/v2\/users\/2"}],"replies":[{"embeddable":true,"href":"https:\/\/www.villa-collection.de\/de\/wp-json\/wp\/v2\/comments?post=441"}],"version-history":[{"count":98,"href":"https:\/\/www.villa-collection.de\/de\/wp-json\/wp\/v2\/pages\/441\/revisions"}],"predecessor-version":[{"id":7691,"href":"https:\/\/www.villa-collection.de\/de\/wp-json\/wp\/v2\/pages\/441\/revisions\/7691"}],"up":[{"embeddable":true,"href":"https:\/\/www.villa-collection.de\/de\/wp-json\/wp\/v2\/pages\/427"}],"wp:attachment":[{"href":"https:\/\/www.villa-collection.de\/de\/wp-json\/wp\/v2\/media?parent=441"}],"curies":[{"name":"wp","href":"https:\/\/api.w.org\/{rel}","templated":true}]}}