{"id":467,"date":"2023-02-05T18:04:36","date_gmt":"2023-02-05T17:04:36","guid":{"rendered":"http:\/\/wordpress.p634997.webspaceconfig.de\/?page_id=467"},"modified":"2025-03-05T12:38:37","modified_gmt":"2025-03-05T11:38:37","slug":"werte-visionen","status":"publish","type":"page","link":"https:\/\/www.villa-collection.de\/de\/ueber-uns\/werte-visionen\/","title":{"rendered":"Werte &amp; Visionen"},"content":{"rendered":"\t\t<div data-elementor-type=\"wp-page\" data-elementor-id=\"467\" class=\"elementor elementor-467\" data-elementor-settings=\"{&quot;element_pack_global_tooltip_width&quot;:{&quot;unit&quot;:&quot;px&quot;,&quot;size&quot;:&quot;&quot;,&quot;sizes&quot;:[]},&quot;element_pack_global_tooltip_width_tablet&quot;:{&quot;unit&quot;:&quot;px&quot;,&quot;size&quot;:&quot;&quot;,&quot;sizes&quot;:[]},&quot;element_pack_global_tooltip_width_mobile&quot;:{&quot;unit&quot;:&quot;px&quot;,&quot;size&quot;:&quot;&quot;,&quot;sizes&quot;:[]},&quot;element_pack_global_tooltip_padding&quot;:{&quot;unit&quot;:&quot;px&quot;,&quot;top&quot;:&quot;&quot;,&quot;right&quot;:&quot;&quot;,&quot;bottom&quot;:&quot;&quot;,&quot;left&quot;:&quot;&quot;,&quot;isLinked&quot;:true},&quot;element_pack_global_tooltip_padding_tablet&quot;:{&quot;unit&quot;:&quot;px&quot;,&quot;top&quot;:&quot;&quot;,&quot;right&quot;:&quot;&quot;,&quot;bottom&quot;:&quot;&quot;,&quot;left&quot;:&quot;&quot;,&quot;isLinked&quot;:true},&quot;element_pack_global_tooltip_padding_mobile&quot;:{&quot;unit&quot;:&quot;px&quot;,&quot;top&quot;:&quot;&quot;,&quot;right&quot;:&quot;&quot;,&quot;bottom&quot;:&quot;&quot;,&quot;left&quot;:&quot;&quot;,&quot;isLinked&quot;:true},&quot;element_pack_global_tooltip_border_radius&quot;:{&quot;unit&quot;:&quot;px&quot;,&quot;top&quot;:&quot;&quot;,&quot;right&quot;:&quot;&quot;,&quot;bottom&quot;:&quot;&quot;,&quot;left&quot;:&quot;&quot;,&quot;isLinked&quot;:true},&quot;element_pack_global_tooltip_border_radius_tablet&quot;:{&quot;unit&quot;:&quot;px&quot;,&quot;top&quot;:&quot;&quot;,&quot;right&quot;:&quot;&quot;,&quot;bottom&quot;:&quot;&quot;,&quot;left&quot;:&quot;&quot;,&quot;isLinked&quot;:true},&quot;element_pack_global_tooltip_border_radius_mobile&quot;:{&quot;unit&quot;:&quot;px&quot;,&quot;top&quot;:&quot;&quot;,&quot;right&quot;:&quot;&quot;,&quot;bottom&quot;:&quot;&quot;,&quot;left&quot;:&quot;&quot;,&quot;isLinked&quot;:true}}\" data-elementor-post-type=\"page\">\n\t\t\t\t<div class=\"elementor-element elementor-element-0274c0c e-con-full e-flex e-con e-parent\" data-id=\"0274c0c\" data-element_type=\"container\" data-e-type=\"container\" data-settings=\"{&quot;background_background&quot;:&quot;classic&quot;}\">\n\t\t\t\t<\/div>\n\t\t<div class=\"elementor-element elementor-element-b844e23 e-flex e-con-boxed e-con e-parent\" data-id=\"b844e23\" data-element_type=\"container\" data-e-type=\"container\" data-settings=\"{&quot;background_background&quot;:&quot;classic&quot;}\">\n\t\t\t\t\t<div class=\"e-con-inner\">\n\t\t<div class=\"elementor-element elementor-element-fe35716 e-con-full e-flex e-con e-child\" data-id=\"fe35716\" data-element_type=\"container\" data-e-type=\"container\">\n\t\t\t\t<div class=\"elementor-element elementor-element-eb9f195 elementor-widget elementor-widget-bdt-breadcrumbs\" data-id=\"eb9f195\" data-element_type=\"widget\" data-e-type=\"widget\" data-widget_type=\"bdt-breadcrumbs.default\">\n\t\t\t\t<div class=\"elementor-widget-container\">\n\t\t\t\t\t<div class='bdt-ep-breadcrumbs-wrapper'><ul class=\"bdt-ep-breadcrumb breadcrumb-align-left  \"><li><a href=\"https:\/\/www.villa-collection.de\/de\/\">Villa Collection<\/a><\/li>\n<li><span> Seite<\/span><\/li>\n<\/ul><\/div>\t\t\t\t<\/div>\n\t\t\t\t<\/div>\n\t\t\t\t<\/div>\n\t\t\t\t\t<\/div>\n\t\t\t\t<\/div>\n\t\t<div class=\"elementor-element elementor-element-5c52788 e-flex e-con-boxed e-con e-parent\" data-id=\"5c52788\" data-element_type=\"container\" data-e-type=\"container\" data-settings=\"{&quot;background_background&quot;:&quot;classic&quot;}\">\n\t\t\t\t\t<div class=\"e-con-inner\">\n\t\t<div class=\"elementor-element elementor-element-b35bbad e-con-full e-flex e-con e-child\" data-id=\"b35bbad\" data-element_type=\"container\" data-e-type=\"container\">\n\t\t<div class=\"elementor-element elementor-element-7f4f08a e-con-full elementor-hidden-tablet elementor-hidden-mobile e-flex e-con e-child\" data-id=\"7f4f08a\" data-element_type=\"container\" data-e-type=\"container\">\n\t\t\t\t<div class=\"elementor-element elementor-element-eb7b5e7 elementor-nav-menu--dropdown-none elementor-widget elementor-widget-nav-menu\" data-id=\"eb7b5e7\" data-element_type=\"widget\" data-e-type=\"widget\" data-settings=\"{&quot;layout&quot;:&quot;vertical&quot;,&quot;submenu_icon&quot;:{&quot;value&quot;:&quot;&lt;i class=\\&quot;fas fa-caret-down\\&quot; aria-hidden=\\&quot;true\\&quot;&gt;&lt;\\\/i&gt;&quot;,&quot;library&quot;:&quot;fa-solid&quot;}}\" data-widget_type=\"nav-menu.default\">\n\t\t\t\t<div class=\"elementor-widget-container\">\n\t\t\t\t\t\t\t\t<nav aria-label=\"Men\u00fc\" class=\"elementor-nav-menu--main elementor-nav-menu__container elementor-nav-menu--layout-vertical e--pointer-none\">\n\t\t\t\t<ul id=\"menu-1-eb7b5e7\" class=\"elementor-nav-menu sm-vertical\"><li class=\"menu-item menu-item-type-post_type menu-item-object-page menu-item-4390\"><a href=\"https:\/\/www.villa-collection.de\/de\/ueber-uns\/\" class=\"elementor-item\">Gastgeber Familie Schreiber<\/a><\/li>\n<li class=\"menu-item menu-item-type-post_type menu-item-object-page menu-item-7291\"><a href=\"https:\/\/www.villa-collection.de\/de\/ueber-uns\/unsere-erlebniswelt\/\" class=\"elementor-item\">Unsere Erlebniswelt<\/a><\/li>\n<li class=\"menu-item menu-item-type-post_type menu-item-object-page menu-item-4396\"><a href=\"https:\/\/www.villa-collection.de\/de\/ueber-uns\/deine-arbeitskollegen\/\" class=\"elementor-item\">Deine Arbeitskollegen<\/a><\/li>\n<li class=\"menu-item menu-item-type-post_type menu-item-object-page menu-item-4397\"><a href=\"https:\/\/www.villa-collection.de\/de\/social-wall\/\" class=\"elementor-item\">#villafamilie<\/a><\/li>\n<li class=\"menu-item menu-item-type-post_type menu-item-object-page menu-item-5290\"><a href=\"https:\/\/www.villa-collection.de\/de\/ueber-uns\/werte-visionen\/\" class=\"elementor-item\">Vision<\/a><\/li>\n<\/ul>\t\t\t<\/nav>\n\t\t\t\t\t\t<nav class=\"elementor-nav-menu--dropdown elementor-nav-menu__container\" aria-hidden=\"true\">\n\t\t\t\t<ul id=\"menu-2-eb7b5e7\" class=\"elementor-nav-menu sm-vertical\"><li class=\"menu-item menu-item-type-post_type menu-item-object-page menu-item-4390\"><a href=\"https:\/\/www.villa-collection.de\/de\/ueber-uns\/\" class=\"elementor-item\" tabindex=\"-1\">Gastgeber Familie Schreiber<\/a><\/li>\n<li class=\"menu-item menu-item-type-post_type menu-item-object-page menu-item-7291\"><a href=\"https:\/\/www.villa-collection.de\/de\/ueber-uns\/unsere-erlebniswelt\/\" class=\"elementor-item\" tabindex=\"-1\">Unsere Erlebniswelt<\/a><\/li>\n<li class=\"menu-item menu-item-type-post_type menu-item-object-page menu-item-4396\"><a href=\"https:\/\/www.villa-collection.de\/de\/ueber-uns\/deine-arbeitskollegen\/\" class=\"elementor-item\" tabindex=\"-1\">Deine Arbeitskollegen<\/a><\/li>\n<li class=\"menu-item menu-item-type-post_type menu-item-object-page menu-item-4397\"><a href=\"https:\/\/www.villa-collection.de\/de\/social-wall\/\" class=\"elementor-item\" tabindex=\"-1\">#villafamilie<\/a><\/li>\n<li class=\"menu-item menu-item-type-post_type menu-item-object-page menu-item-5290\"><a href=\"https:\/\/www.villa-collection.de\/de\/ueber-uns\/werte-visionen\/\" class=\"elementor-item\" tabindex=\"-1\">Vision<\/a><\/li>\n<\/ul>\t\t\t<\/nav>\n\t\t\t\t\t\t<\/div>\n\t\t\t\t<\/div>\n\t\t\t\t<\/div>\n\t\t<div class=\"elementor-element elementor-element-3fea210 e-con-full e-flex e-con e-child\" data-id=\"3fea210\" data-element_type=\"container\" data-e-type=\"container\">\n\t\t\t\t<div class=\"elementor-element elementor-element-91746b2 elementor-widget elementor-widget-heading\" data-id=\"91746b2\" data-element_type=\"widget\" data-e-type=\"widget\" data-widget_type=\"heading.default\">\n\t\t\t\t<div class=\"elementor-widget-container\">\n\t\t\t\t\t<h2 class=\"elementor-heading-title elementor-size-default\">Villa Collection Unternehmensphilosophie<\/h2>\t\t\t\t<\/div>\n\t\t\t\t<\/div>\n\t\t\t\t<div class=\"elementor-element elementor-element-eacd8e3 elementor-widget elementor-widget-heading\" data-id=\"eacd8e3\" data-element_type=\"widget\" data-e-type=\"widget\" data-widget_type=\"heading.default\">\n\t\t\t\t<div class=\"elementor-widget-container\">\n\t\t\t\t\t<h2 class=\"elementor-heading-title elementor-size-default\">VISION <\/h2>\t\t\t\t<\/div>\n\t\t\t\t<\/div>\n\t\t\t\t<div class=\"elementor-element elementor-element-70276f8 elementor-widget elementor-widget-text-editor\" data-id=\"70276f8\" data-element_type=\"widget\" data-e-type=\"widget\" data-widget_type=\"text-editor.default\">\n\t\t\t\t<div class=\"elementor-widget-container\">\n\t\t\t\t\t\t\t\t\t<p>Unsere Vision ist es unseren G\u00e4ste ein Zuhause auf Zeit zu bieten, welches ein mediterranes Lebensgef\u00fchl vermittelt. Ein Haus, indem eine unkoventionelle, innovative Vorgehensweise gelebt wird. Neben Professionalit\u00e4t, Herzlichkeit und Individualit\u00e4t enth\u00e4lt unsere Firmenphilosophie noch weitere wesentlichen Werte. Unsere nach innen gelebten Werte sollen in ihrer Au\u00dfenwirkung auf G\u00e4ste, Partner und Lieferanten eine entsprechende Strahlkraft entfalten.<br \/><br \/>Ein besonderes Herzensprojekt ist unser neuestes Highlight:\u00a0<span style=\"text-decoration: underline;\"><strong><a href=\"https:\/\/www.vista-spa.de\/\" target=\"_blank\" rel=\"noopener\">VISTA SPA<\/a><\/strong><\/span>\u2013 eine luxuri\u00f6se Wellness-Oase auf \u00fcber 3.000 qm in der Villa Toskana. Hier vereinen sich Entspannung, Genuss und Exklusivit\u00e4t zu einem einzigartigen Wohlf\u00fchlerlebnis.\u00a0<\/p>\t\t\t\t\t\t\t\t<\/div>\n\t\t\t\t<\/div>\n\t\t\t\t<div class=\"elementor-element elementor-element-2c71412 elementor-widget elementor-widget-heading\" data-id=\"2c71412\" data-element_type=\"widget\" data-e-type=\"widget\" data-widget_type=\"heading.default\">\n\t\t\t\t<div class=\"elementor-widget-container\">\n\t\t\t\t\t<h2 class=\"elementor-heading-title elementor-size-default\">Alle sind Wichtig! <\/h2>\t\t\t\t<\/div>\n\t\t\t\t<\/div>\n\t\t\t\t<div class=\"elementor-element elementor-element-1a2c4ce elementor-widget elementor-widget-text-editor\" data-id=\"1a2c4ce\" data-element_type=\"widget\" data-e-type=\"widget\" data-widget_type=\"text-editor.default\">\n\t\t\t\t<div class=\"elementor-widget-container\">\n\t\t\t\t\t\t\t\t\t<p>Wir begegnen uns auf Augenh\u00f6he und wollen respektvoll miteinander umgehen. Die Wertsch\u00e4tzung eines jeden Einzelnen liegt uns sehr am Herzen. Ganz wichtig ist uns die Motivation unserer Mitarbeiter, mit dem Herzen zu handeln \u2026 denn gern gemacht, ist gut gemacht!<\/p>\t\t\t\t\t\t\t\t<\/div>\n\t\t\t\t<\/div>\n\t\t\t\t<\/div>\n\t\t\t\t<\/div>\n\t\t\t\t\t<\/div>\n\t\t\t\t<\/div>\n\t\t\t\t<\/div>\n\t\t","protected":false},"excerpt":{"rendered":"<p>Villa Collection Seite Villa Collection Unternehmensphilosophie VISION Unsere Vision ist es unseren G\u00e4ste ein Zuhause auf Zeit zu bieten, welches ein mediterranes Lebensgef\u00fchl vermittelt. Ein Haus, indem eine unkoventionelle, innovative Vorgehensweise gelebt wird. Neben Professionalit\u00e4t, Herzlichkeit und Individualit\u00e4t enth\u00e4lt unsere Firmenphilosophie noch weitere wesentlichen Werte. Unsere nach innen gelebten Werte sollen in ihrer Au\u00dfenwirkung auf [&hellip;]<\/p>\n","protected":false},"author":2,"featured_media":0,"parent":427,"menu_order":0,"comment_status":"closed","ping_status":"closed","template":"","meta":{"_acf_changed":false,"footnotes":""},"class_list":["post-467","page","type-page","status-publish","hentry"],"acf":[],"yoast_head":"<!-- This site is optimized with the Yoast SEO plugin v27.3 - https:\/\/yoast.com\/product\/yoast-seo-wordpress\/ -->\n<title>Werte &amp; Visionen - Villa Collection<\/title>\n<meta name=\"robots\" content=\"index, follow, max-snippet:-1, max-image-preview:large, max-video-preview:-1\" \/>\n<link rel=\"canonical\" href=\"https:\/\/www.villa-collection.de\/de\/ueber-uns\/werte-visionen\/\" \/>\n<meta property=\"og:locale\" content=\"de_DE\" \/>\n<meta property=\"og:type\" content=\"article\" \/>\n<meta property=\"og:title\" content=\"Werte &amp; Visionen - Villa Collection\" \/>\n<meta property=\"og:description\" content=\"Villa Collection Seite Villa Collection Unternehmensphilosophie VISION Unsere Vision ist es unseren G\u00e4ste ein Zuhause auf Zeit zu bieten, welches ein mediterranes Lebensgef\u00fchl vermittelt. Ein Haus, indem eine unkoventionelle, innovative Vorgehensweise gelebt wird. Neben Professionalit\u00e4t, Herzlichkeit und Individualit\u00e4t enth\u00e4lt unsere Firmenphilosophie noch weitere wesentlichen Werte. Unsere nach innen gelebten Werte sollen in ihrer Au\u00dfenwirkung auf [&hellip;]\" \/>\n<meta property=\"og:url\" content=\"https:\/\/www.villa-collection.de\/de\/ueber-uns\/werte-visionen\/\" \/>\n<meta property=\"og:site_name\" content=\"Villa Collection\" \/>\n<meta property=\"article:modified_time\" content=\"2025-03-05T11:38:37+00:00\" \/>\n<meta name=\"twitter:card\" content=\"summary_large_image\" \/>\n<meta name=\"twitter:label1\" content=\"Gesch\u00e4tzte Lesezeit\" \/>\n\t<meta name=\"twitter:data1\" content=\"1\u00a0Minute\" \/>\n<script type=\"application\/ld+json\" class=\"yoast-schema-graph\">{\"@context\":\"https:\\\/\\\/schema.org\",\"@graph\":[{\"@type\":\"WebPage\",\"@id\":\"https:\\\/\\\/www.villa-collection.de\\\/de\\\/ueber-uns\\\/werte-visionen\\\/\",\"url\":\"https:\\\/\\\/www.villa-collection.de\\\/de\\\/ueber-uns\\\/werte-visionen\\\/\",\"name\":\"Werte &amp; Visionen - Villa Collection\",\"isPartOf\":{\"@id\":\"https:\\\/\\\/www.villa-collection.de\\\/de\\\/#website\"},\"datePublished\":\"2023-02-05T17:04:36+00:00\",\"dateModified\":\"2025-03-05T11:38:37+00:00\",\"breadcrumb\":{\"@id\":\"https:\\\/\\\/www.villa-collection.de\\\/de\\\/ueber-uns\\\/werte-visionen\\\/#breadcrumb\"},\"inLanguage\":\"de\",\"potentialAction\":[{\"@type\":\"ReadAction\",\"target\":[\"https:\\\/\\\/www.villa-collection.de\\\/de\\\/ueber-uns\\\/werte-visionen\\\/\"]}]},{\"@type\":\"BreadcrumbList\",\"@id\":\"https:\\\/\\\/www.villa-collection.de\\\/de\\\/ueber-uns\\\/werte-visionen\\\/#breadcrumb\",\"itemListElement\":[{\"@type\":\"ListItem\",\"position\":1,\"name\":\"Startseite\",\"item\":\"https:\\\/\\\/www.villa-collection.de\\\/de\\\/\"},{\"@type\":\"ListItem\",\"position\":2,\"name\":\"\u00dcber uns\",\"item\":\"https:\\\/\\\/www.villa-collection.de\\\/de\\\/ueber-uns\\\/\"},{\"@type\":\"ListItem\",\"position\":3,\"name\":\"Werte &amp; Visionen\"}]},{\"@type\":\"WebSite\",\"@id\":\"https:\\\/\\\/www.villa-collection.de\\\/de\\\/#website\",\"url\":\"https:\\\/\\\/www.villa-collection.de\\\/de\\\/\",\"name\":\"Villa Collection\",\"description\":\"\",\"publisher\":{\"@id\":\"https:\\\/\\\/www.villa-collection.de\\\/de\\\/#organization\"},\"potentialAction\":[{\"@type\":\"SearchAction\",\"target\":{\"@type\":\"EntryPoint\",\"urlTemplate\":\"https:\\\/\\\/www.villa-collection.de\\\/de\\\/?s={search_term_string}\"},\"query-input\":{\"@type\":\"PropertyValueSpecification\",\"valueRequired\":true,\"valueName\":\"search_term_string\"}}],\"inLanguage\":\"de\"},{\"@type\":\"Organization\",\"@id\":\"https:\\\/\\\/www.villa-collection.de\\\/de\\\/#organization\",\"name\":\"Villa Collection\",\"url\":\"https:\\\/\\\/www.villa-collection.de\\\/de\\\/\",\"logo\":{\"@type\":\"ImageObject\",\"inLanguage\":\"de\",\"@id\":\"https:\\\/\\\/www.villa-collection.de\\\/de\\\/#\\\/schema\\\/logo\\\/image\\\/\",\"url\":\"\",\"contentUrl\":\"\",\"caption\":\"Villa Collection\"},\"image\":{\"@id\":\"https:\\\/\\\/www.villa-collection.de\\\/de\\\/#\\\/schema\\\/logo\\\/image\\\/\"}}]}<\/script>\n<!-- \/ Yoast SEO plugin. -->","yoast_head_json":{"title":"Werte &amp; Visionen - Villa Collection","robots":{"index":"index","follow":"follow","max-snippet":"max-snippet:-1","max-image-preview":"max-image-preview:large","max-video-preview":"max-video-preview:-1"},"canonical":"https:\/\/www.villa-collection.de\/de\/ueber-uns\/werte-visionen\/","og_locale":"de_DE","og_type":"article","og_title":"Werte &amp; Visionen - Villa Collection","og_description":"Villa Collection Seite Villa Collection Unternehmensphilosophie VISION Unsere Vision ist es unseren G\u00e4ste ein Zuhause auf Zeit zu bieten, welches ein mediterranes Lebensgef\u00fchl vermittelt. Ein Haus, indem eine unkoventionelle, innovative Vorgehensweise gelebt wird. Neben Professionalit\u00e4t, Herzlichkeit und Individualit\u00e4t enth\u00e4lt unsere Firmenphilosophie noch weitere wesentlichen Werte. Unsere nach innen gelebten Werte sollen in ihrer Au\u00dfenwirkung auf [&hellip;]","og_url":"https:\/\/www.villa-collection.de\/de\/ueber-uns\/werte-visionen\/","og_site_name":"Villa Collection","article_modified_time":"2025-03-05T11:38:37+00:00","twitter_card":"summary_large_image","twitter_misc":{"Gesch\u00e4tzte Lesezeit":"1\u00a0Minute"},"schema":{"@context":"https:\/\/schema.org","@graph":[{"@type":"WebPage","@id":"https:\/\/www.villa-collection.de\/de\/ueber-uns\/werte-visionen\/","url":"https:\/\/www.villa-collection.de\/de\/ueber-uns\/werte-visionen\/","name":"Werte &amp; Visionen - Villa Collection","isPartOf":{"@id":"https:\/\/www.villa-collection.de\/de\/#website"},"datePublished":"2023-02-05T17:04:36+00:00","dateModified":"2025-03-05T11:38:37+00:00","breadcrumb":{"@id":"https:\/\/www.villa-collection.de\/de\/ueber-uns\/werte-visionen\/#breadcrumb"},"inLanguage":"de","potentialAction":[{"@type":"ReadAction","target":["https:\/\/www.villa-collection.de\/de\/ueber-uns\/werte-visionen\/"]}]},{"@type":"BreadcrumbList","@id":"https:\/\/www.villa-collection.de\/de\/ueber-uns\/werte-visionen\/#breadcrumb","itemListElement":[{"@type":"ListItem","position":1,"name":"Startseite","item":"https:\/\/www.villa-collection.de\/de\/"},{"@type":"ListItem","position":2,"name":"\u00dcber uns","item":"https:\/\/www.villa-collection.de\/de\/ueber-uns\/"},{"@type":"ListItem","position":3,"name":"Werte &amp; Visionen"}]},{"@type":"WebSite","@id":"https:\/\/www.villa-collection.de\/de\/#website","url":"https:\/\/www.villa-collection.de\/de\/","name":"Villa Collection","description":"","publisher":{"@id":"https:\/\/www.villa-collection.de\/de\/#organization"},"potentialAction":[{"@type":"SearchAction","target":{"@type":"EntryPoint","urlTemplate":"https:\/\/www.villa-collection.de\/de\/?s={search_term_string}"},"query-input":{"@type":"PropertyValueSpecification","valueRequired":true,"valueName":"search_term_string"}}],"inLanguage":"de"},{"@type":"Organization","@id":"https:\/\/www.villa-collection.de\/de\/#organization","name":"Villa Collection","url":"https:\/\/www.villa-collection.de\/de\/","logo":{"@type":"ImageObject","inLanguage":"de","@id":"https:\/\/www.villa-collection.de\/de\/#\/schema\/logo\/image\/","url":"","contentUrl":"","caption":"Villa Collection"},"image":{"@id":"https:\/\/www.villa-collection.de\/de\/#\/schema\/logo\/image\/"}}]}},"_links":{"self":[{"href":"https:\/\/www.villa-collection.de\/de\/wp-json\/wp\/v2\/pages\/467","targetHints":{"allow":["GET"]}}],"collection":[{"href":"https:\/\/www.villa-collection.de\/de\/wp-json\/wp\/v2\/pages"}],"about":[{"href":"https:\/\/www.villa-collection.de\/de\/wp-json\/wp\/v2\/types\/page"}],"author":[{"embeddable":true,"href":"https:\/\/www.villa-collection.de\/de\/wp-json\/wp\/v2\/users\/2"}],"replies":[{"embeddable":true,"href":"https:\/\/www.villa-collection.de\/de\/wp-json\/wp\/v2\/comments?post=467"}],"version-history":[{"count":20,"href":"https:\/\/www.villa-collection.de\/de\/wp-json\/wp\/v2\/pages\/467\/revisions"}],"predecessor-version":[{"id":9726,"href":"https:\/\/www.villa-collection.de\/de\/wp-json\/wp\/v2\/pages\/467\/revisions\/9726"}],"up":[{"embeddable":true,"href":"https:\/\/www.villa-collection.de\/de\/wp-json\/wp\/v2\/pages\/427"}],"wp:attachment":[{"href":"https:\/\/www.villa-collection.de\/de\/wp-json\/wp\/v2\/media?parent=467"}],"curies":[{"name":"wp","href":"https:\/\/api.w.org\/{rel}","templated":true}]}}