{"id":5297,"date":"2023-11-15T20:50:16","date_gmt":"2023-11-15T19:50:16","guid":{"rendered":"https:\/\/collection.hotel-villa-collection.host2.5d.ag\/?page_id=5297"},"modified":"2024-08-15T10:45:01","modified_gmt":"2024-08-15T08:45:01","slug":"benefits","status":"publish","type":"page","link":"https:\/\/www.villa-collection.de\/de\/offene-stellen\/benefits\/","title":{"rendered":"Benefits"},"content":{"rendered":"\t\t<div data-elementor-type=\"wp-page\" data-elementor-id=\"5297\" class=\"elementor elementor-5297\" data-elementor-settings=\"{&quot;element_pack_global_tooltip_width&quot;:{&quot;unit&quot;:&quot;px&quot;,&quot;size&quot;:&quot;&quot;,&quot;sizes&quot;:[]},&quot;element_pack_global_tooltip_width_tablet&quot;:{&quot;unit&quot;:&quot;px&quot;,&quot;size&quot;:&quot;&quot;,&quot;sizes&quot;:[]},&quot;element_pack_global_tooltip_width_mobile&quot;:{&quot;unit&quot;:&quot;px&quot;,&quot;size&quot;:&quot;&quot;,&quot;sizes&quot;:[]},&quot;element_pack_global_tooltip_padding&quot;:{&quot;unit&quot;:&quot;px&quot;,&quot;top&quot;:&quot;&quot;,&quot;right&quot;:&quot;&quot;,&quot;bottom&quot;:&quot;&quot;,&quot;left&quot;:&quot;&quot;,&quot;isLinked&quot;:true},&quot;element_pack_global_tooltip_padding_tablet&quot;:{&quot;unit&quot;:&quot;px&quot;,&quot;top&quot;:&quot;&quot;,&quot;right&quot;:&quot;&quot;,&quot;bottom&quot;:&quot;&quot;,&quot;left&quot;:&quot;&quot;,&quot;isLinked&quot;:true},&quot;element_pack_global_tooltip_padding_mobile&quot;:{&quot;unit&quot;:&quot;px&quot;,&quot;top&quot;:&quot;&quot;,&quot;right&quot;:&quot;&quot;,&quot;bottom&quot;:&quot;&quot;,&quot;left&quot;:&quot;&quot;,&quot;isLinked&quot;:true},&quot;element_pack_global_tooltip_border_radius&quot;:{&quot;unit&quot;:&quot;px&quot;,&quot;top&quot;:&quot;&quot;,&quot;right&quot;:&quot;&quot;,&quot;bottom&quot;:&quot;&quot;,&quot;left&quot;:&quot;&quot;,&quot;isLinked&quot;:true},&quot;element_pack_global_tooltip_border_radius_tablet&quot;:{&quot;unit&quot;:&quot;px&quot;,&quot;top&quot;:&quot;&quot;,&quot;right&quot;:&quot;&quot;,&quot;bottom&quot;:&quot;&quot;,&quot;left&quot;:&quot;&quot;,&quot;isLinked&quot;:true},&quot;element_pack_global_tooltip_border_radius_mobile&quot;:{&quot;unit&quot;:&quot;px&quot;,&quot;top&quot;:&quot;&quot;,&quot;right&quot;:&quot;&quot;,&quot;bottom&quot;:&quot;&quot;,&quot;left&quot;:&quot;&quot;,&quot;isLinked&quot;:true}}\" data-elementor-post-type=\"page\">\n\t\t\t\t<div class=\"elementor-element elementor-element-3b30601 e-con-full e-flex e-con e-parent\" data-id=\"3b30601\" data-element_type=\"container\" data-e-type=\"container\" data-settings=\"{&quot;background_background&quot;:&quot;classic&quot;}\">\n\t\t\t\t<\/div>\n\t\t<div class=\"elementor-element elementor-element-b99c8d8 e-flex e-con-boxed e-con e-parent\" data-id=\"b99c8d8\" data-element_type=\"container\" data-e-type=\"container\" data-settings=\"{&quot;background_background&quot;:&quot;classic&quot;}\">\n\t\t\t\t\t<div class=\"e-con-inner\">\n\t\t<div class=\"elementor-element elementor-element-eed1ee4 e-con-full e-flex e-con e-child\" data-id=\"eed1ee4\" data-element_type=\"container\" data-e-type=\"container\">\n\t\t\t\t<div class=\"elementor-element elementor-element-dd5be91 elementor-widget elementor-widget-bdt-breadcrumbs\" data-id=\"dd5be91\" data-element_type=\"widget\" data-e-type=\"widget\" data-widget_type=\"bdt-breadcrumbs.default\">\n\t\t\t\t<div class=\"elementor-widget-container\">\n\t\t\t\t\t<div class='bdt-ep-breadcrumbs-wrapper'><ul class=\"bdt-ep-breadcrumb breadcrumb-align-left  \"><li><a href=\"https:\/\/www.villa-collection.de\/de\/\">Villa Collection<\/a><\/li>\n<li><span> Seite<\/span><\/li>\n<\/ul><\/div>\t\t\t\t<\/div>\n\t\t\t\t<\/div>\n\t\t\t\t<\/div>\n\t\t\t\t\t<\/div>\n\t\t\t\t<\/div>\n\t\t<div class=\"elementor-element elementor-element-4edcc58 e-flex e-con-boxed e-con e-parent\" data-id=\"4edcc58\" data-element_type=\"container\" data-e-type=\"container\" data-settings=\"{&quot;background_background&quot;:&quot;classic&quot;}\">\n\t\t\t\t\t<div class=\"e-con-inner\">\n\t\t<div class=\"elementor-element elementor-element-09a5f0f e-con-full e-flex e-con e-child\" data-id=\"09a5f0f\" data-element_type=\"container\" data-e-type=\"container\">\n\t\t<div class=\"elementor-element elementor-element-0e2edec e-flex e-con-boxed e-con e-child\" data-id=\"0e2edec\" data-element_type=\"container\" data-e-type=\"container\">\n\t\t\t\t\t<div class=\"e-con-inner\">\n\t\t<div class=\"elementor-element elementor-element-3d5142b e-flex e-con-boxed e-con e-child\" data-id=\"3d5142b\" data-element_type=\"container\" data-e-type=\"container\" data-settings=\"{&quot;background_background&quot;:&quot;classic&quot;}\">\n\t\t\t\t\t<div class=\"e-con-inner\">\n\t\t\t\t<div class=\"elementor-element elementor-element-38e0881 elementor-widget__width-initial elementor-widget elementor-widget-heading\" data-id=\"38e0881\" data-element_type=\"widget\" data-e-type=\"widget\" data-widget_type=\"heading.default\">\n\t\t\t\t<div class=\"elementor-widget-container\">\n\t\t\t\t\t<h2 class=\"elementor-heading-title elementor-size-default\">Deine Benefits &amp; Karrierechancen  \n<\/h2>\t\t\t\t<\/div>\n\t\t\t\t<\/div>\n\t\t\t\t<div class=\"elementor-element elementor-element-ea9651d elementor-widget__width-initial iconlist elementor-widget elementor-widget-text-editor\" data-id=\"ea9651d\" data-element_type=\"widget\" data-e-type=\"widget\" data-widget_type=\"text-editor.default\">\n\t\t\t\t<div class=\"elementor-widget-container\">\n\t\t\t\t\t\t\t\t\t<p>Bei uns gibt es zahlreiche M\u00f6glichkeiten f\u00fcr Deinen beruflichen Aufstieg und Entwicklung. Von einem Einstiegsjob als Rezeptionist oder Kellner bis hin zu F\u00fchrungspositionen wie Hotelmanager oder Operationsdirektor bieten wir vielf\u00e4ltige Karrierepfade.<\/p>\n<p>Au\u00dferdem bieten wir interne Schulungen und Weiterbildungsprogramme an, um Dich in deinen Karrierewegen zu unterst\u00fctzen. Mit Engagement, sehr guter Leistung und der F\u00e4higkeit, in einem wettbewerbsintensiven Umfeld zu gl\u00e4nzen, kannst Du bei uns eine erfolgreiche und erf\u00fcllende Karriere aufbauen.<\/p>\t\t\t\t\t\t\t\t<\/div>\n\t\t\t\t<\/div>\n\t\t\t\t<div class=\"elementor-element elementor-element-fbdac93 elementor-icon-list--layout-traditional elementor-list-item-link-full_width elementor-widget elementor-widget-icon-list\" data-id=\"fbdac93\" data-element_type=\"widget\" data-e-type=\"widget\" data-widget_type=\"icon-list.default\">\n\t\t\t\t<div class=\"elementor-widget-container\">\n\t\t\t\t\t\t\t<ul class=\"elementor-icon-list-items\">\n\t\t\t\t\t\t\t<li class=\"elementor-icon-list-item\">\n\t\t\t\t\t\t\t\t\t\t\t<a href=\"tel:+4962248292727\">\n\n\t\t\t\t\t\t\t\t\t\t\t\t<span class=\"elementor-icon-list-icon\">\n\t\t\t\t\t\t\t<i aria-hidden=\"true\" class=\"fas fa-phone-alt\"><\/i>\t\t\t\t\t\t<\/span>\n\t\t\t\t\t\t\t\t\t\t<span class=\"elementor-icon-list-text\">+49 6224 8292 727<\/span>\n\t\t\t\t\t\t\t\t\t\t\t<\/a>\n\t\t\t\t\t\t\t\t\t<\/li>\n\t\t\t\t\t\t\t\t<li class=\"elementor-icon-list-item\">\n\t\t\t\t\t\t\t\t\t\t\t<a href=\"https:\/\/wa.me\/4915140909185\">\n\n\t\t\t\t\t\t\t\t\t\t\t\t<span class=\"elementor-icon-list-icon\">\n\t\t\t\t\t\t\t<i aria-hidden=\"true\" class=\"fab fa-whatsapp\"><\/i>\t\t\t\t\t\t<\/span>\n\t\t\t\t\t\t\t\t\t\t<span class=\"elementor-icon-list-text\">+49 151 40909185<\/span>\n\t\t\t\t\t\t\t\t\t\t\t<\/a>\n\t\t\t\t\t\t\t\t\t<\/li>\n\t\t\t\t\t\t\t\t<li class=\"elementor-icon-list-item\">\n\t\t\t\t\t\t\t\t\t\t\t<a href=\"mailto:recruiting@villa-collection.de\">\n\n\t\t\t\t\t\t\t\t\t\t\t\t<span class=\"elementor-icon-list-icon\">\n\t\t\t\t\t\t\t<i aria-hidden=\"true\" class=\"far fa-envelope\"><\/i>\t\t\t\t\t\t<\/span>\n\t\t\t\t\t\t\t\t\t\t<span class=\"elementor-icon-list-text\">recruiting@villa-collection.de<\/span>\n\t\t\t\t\t\t\t\t\t\t\t<\/a>\n\t\t\t\t\t\t\t\t\t<\/li>\n\t\t\t\t\t\t<\/ul>\n\t\t\t\t\t\t<\/div>\n\t\t\t\t<\/div>\n\t\t\t\t<div class=\"elementor-element elementor-element-bb84595 elementor-align-left elementor-mobile-align-center elementor-widget elementor-widget-button\" data-id=\"bb84595\" data-element_type=\"widget\" data-e-type=\"widget\" data-widget_type=\"button.default\">\n\t\t\t\t<div class=\"elementor-widget-container\">\n\t\t\t\t\t\t\t\t\t<div class=\"elementor-button-wrapper\">\n\t\t\t\t\t<a class=\"elementor-button elementor-button-link elementor-size-md\" href=\"https:\/\/www.villa-collection.de\/de\/offene-stellen\/#garantie\">\n\t\t\t\t\t\t<span class=\"elementor-button-content-wrapper\">\n\t\t\t\t\t\t\t\t\t<span class=\"elementor-button-text\">Jetzt bewerben! <\/span>\n\t\t\t\t\t<\/span>\n\t\t\t\t\t<\/a>\n\t\t\t\t<\/div>\n\t\t\t\t\t\t\t\t<\/div>\n\t\t\t\t<\/div>\n\t\t\t\t<div class=\"elementor-element elementor-element-f620911 elementor-widget elementor-widget-image\" data-id=\"f620911\" data-element_type=\"widget\" data-e-type=\"widget\" data-widget_type=\"image.default\">\n\t\t\t\t<div class=\"elementor-widget-container\">\n\t\t\t\t\t\t\t\t\t\t\t\t\t\t\t<img fetchpriority=\"high\" decoding=\"async\" width=\"800\" height=\"533\" src=\"https:\/\/www.villa-collection.de\/wp-content\/uploads\/sites\/3\/2023\/11\/Sommerfest-Bilder-90-scaled.jpg\" class=\"attachment-large size-large wp-image-5966\" alt=\"\" srcset=\"https:\/\/www.villa-collection.de\/wp-content\/uploads\/sites\/3\/2023\/11\/Sommerfest-Bilder-90-scaled.jpg 2560w, https:\/\/www.villa-collection.de\/wp-content\/uploads\/sites\/3\/2023\/11\/Sommerfest-Bilder-90-300x200.jpg 300w, https:\/\/www.villa-collection.de\/wp-content\/uploads\/sites\/3\/2023\/11\/Sommerfest-Bilder-90-768x512.jpg 768w, https:\/\/www.villa-collection.de\/wp-content\/uploads\/sites\/3\/2023\/11\/Sommerfest-Bilder-90-1536x1024.jpg 1536w, https:\/\/www.villa-collection.de\/wp-content\/uploads\/sites\/3\/2023\/11\/Sommerfest-Bilder-90-2048x1365.jpg 2048w\" sizes=\"(max-width: 800px) 100vw, 800px\" \/>\t\t\t\t\t\t\t\t\t\t\t\t\t\t\t<\/div>\n\t\t\t\t<\/div>\n\t\t\t\t\t<\/div>\n\t\t\t\t<\/div>\n\t\t<div class=\"elementor-element elementor-element-82eadca e-flex e-con-boxed e-con e-child\" data-id=\"82eadca\" data-element_type=\"container\" data-e-type=\"container\" data-settings=\"{&quot;background_background&quot;:&quot;classic&quot;}\">\n\t\t\t\t\t<div class=\"e-con-inner\">\n\t\t\t\t<div class=\"elementor-element elementor-element-f23209d elementor-widget__width-initial iconlist elementor-widget elementor-widget-text-editor\" data-id=\"f23209d\" data-element_type=\"widget\" data-e-type=\"widget\" data-widget_type=\"text-editor.default\">\n\t\t\t\t<div class=\"elementor-widget-container\">\n\t\t\t\t\t\t\t\t\t<ul>\n<li>Mitarbeiterapartments im Hotel zur \u00dcbergangszeit<\/li>\n<li>Sonderleistungen wie Weihnachts- und Urlaubsgeld (ab dem 2. Besch\u00e4ftigungsjahr)<\/li>\n<li>5-Tage Woche mit flexiblen Arbeitszeiten ohne Teildienst (M\u00f6glichkeit auf freie Wochenenden)<\/li>\n<li>Eine Vielzahl an Mitarbeiterrabatten bei unseren Partnern (z.B. Personights; Family &amp; Friends Raten in unseren Schwesterhotels)<\/li>\n<li>Mitarbeiterverg\u00fcnstigungen in unseren Shops<\/li>\n<li>Kostenloser Mitarbeiterparkplatz<\/li>\n<li>Schulungs- und Weiterbildungsm\u00f6glichkeiten, z.B. im Rahmen unserer Mitgliedschaft HSMA oder unserem Coach Susanne Breuer<\/li>\n<li>Aufstiegschancen innerhalb der Villa Collection<\/li>\n<li>Flache Hierarchie und kompetente Ansprechpartner<\/li>\n<li>Famili\u00e4res Betriebsklima mit transparenten Werten<\/li>\n<li>Erfolge feiern wir gemeinsam\u2026auch mit j\u00e4hrlichen Mitarbeiterevents<\/li>\n<li>Mitarbeiter werben Mitarbeiter-Bonusprogramm<\/li>\n<li>Eine Unternehmensphilosophie mit gro\u00dfem Entscheidungsspielraum, Platz f\u00fcr eigene Ideen und Innovation<\/li>\n<li>Dynamisches, herzliches und sehr hilfsbereites Team<\/li>\n<li>Bereitstellung Mitarbeiteruniform je nach Position<\/li>\n<li>Offene Unternehmenskultur mit hoher Wertsch\u00e4tzung aller Mitarbeiter<\/li>\n<li>Kostenfreie Getr\u00e4nke, sowie verg\u00fcnstigte Mitarbeiterverpflegung<\/li>\n<\/ul>\t\t\t\t\t\t\t\t<\/div>\n\t\t\t\t<\/div>\n\t\t\t\t\t<\/div>\n\t\t\t\t<\/div>\n\t\t\t\t\t<\/div>\n\t\t\t\t<\/div>\n\t\t\t\t<\/div>\n\t\t\t\t\t<\/div>\n\t\t\t\t<\/div>\n\t\t\t\t<\/div>\n\t\t","protected":false},"excerpt":{"rendered":"<p>Villa Collection Seite Deine Benefits &amp; Karrierechancen Bei uns gibt es zahlreiche M\u00f6glichkeiten f\u00fcr Deinen beruflichen Aufstieg und Entwicklung. Von einem Einstiegsjob als Rezeptionist oder Kellner bis hin zu F\u00fchrungspositionen wie Hotelmanager oder Operationsdirektor bieten wir vielf\u00e4ltige Karrierepfade. Au\u00dferdem bieten wir interne Schulungen und Weiterbildungsprogramme an, um Dich in deinen Karrierewegen zu unterst\u00fctzen. Mit Engagement, [&hellip;]<\/p>\n","protected":false},"author":2,"featured_media":0,"parent":4283,"menu_order":0,"comment_status":"closed","ping_status":"closed","template":"","meta":{"_acf_changed":false,"footnotes":""},"class_list":["post-5297","page","type-page","status-publish","hentry"],"acf":[],"yoast_head":"<!-- This site is optimized with the Yoast SEO plugin v27.5 - https:\/\/yoast.com\/product\/yoast-seo-wordpress\/ -->\n<title>Benefits - Villa Collection<\/title>\n<meta name=\"robots\" content=\"index, follow, max-snippet:-1, max-image-preview:large, max-video-preview:-1\" \/>\n<link rel=\"canonical\" href=\"https:\/\/www.villa-collection.de\/de\/offene-stellen\/benefits\/\" \/>\n<meta property=\"og:locale\" content=\"de_DE\" \/>\n<meta property=\"og:type\" content=\"article\" \/>\n<meta property=\"og:title\" content=\"Benefits - Villa Collection\" \/>\n<meta property=\"og:description\" content=\"Villa Collection Seite Deine Benefits &amp; Karrierechancen Bei uns gibt es zahlreiche M\u00f6glichkeiten f\u00fcr Deinen beruflichen Aufstieg und Entwicklung. Von einem Einstiegsjob als Rezeptionist oder Kellner bis hin zu F\u00fchrungspositionen wie Hotelmanager oder Operationsdirektor bieten wir vielf\u00e4ltige Karrierepfade. Au\u00dferdem bieten wir interne Schulungen und Weiterbildungsprogramme an, um Dich in deinen Karrierewegen zu unterst\u00fctzen. Mit Engagement, [&hellip;]\" \/>\n<meta property=\"og:url\" content=\"https:\/\/www.villa-collection.de\/de\/offene-stellen\/benefits\/\" \/>\n<meta property=\"og:site_name\" content=\"Villa Collection\" \/>\n<meta property=\"article:modified_time\" content=\"2024-08-15T08:45:01+00:00\" \/>\n<meta property=\"og:image\" content=\"https:\/\/www.villa-collection.de\/wp-content\/uploads\/sites\/3\/2023\/11\/Sommerfest-Bilder-90-scaled.jpg\" \/>\n<meta name=\"twitter:card\" content=\"summary_large_image\" \/>\n<meta name=\"twitter:label1\" content=\"Gesch\u00e4tzte Lesezeit\" \/>\n\t<meta name=\"twitter:data1\" content=\"2\u00a0Minuten\" \/>\n<script type=\"application\/ld+json\" class=\"yoast-schema-graph\">{\"@context\":\"https:\\\/\\\/schema.org\",\"@graph\":[{\"@type\":\"WebPage\",\"@id\":\"https:\\\/\\\/www.villa-collection.de\\\/de\\\/offene-stellen\\\/benefits\\\/\",\"url\":\"https:\\\/\\\/www.villa-collection.de\\\/de\\\/offene-stellen\\\/benefits\\\/\",\"name\":\"Benefits - Villa Collection\",\"isPartOf\":{\"@id\":\"https:\\\/\\\/www.villa-collection.de\\\/de\\\/#website\"},\"primaryImageOfPage\":{\"@id\":\"https:\\\/\\\/www.villa-collection.de\\\/de\\\/offene-stellen\\\/benefits\\\/#primaryimage\"},\"image\":{\"@id\":\"https:\\\/\\\/www.villa-collection.de\\\/de\\\/offene-stellen\\\/benefits\\\/#primaryimage\"},\"thumbnailUrl\":\"https:\\\/\\\/www.villa-collection.de\\\/wp-content\\\/uploads\\\/sites\\\/3\\\/2023\\\/11\\\/Sommerfest-Bilder-90-scaled.jpg\",\"datePublished\":\"2023-11-15T19:50:16+00:00\",\"dateModified\":\"2024-08-15T08:45:01+00:00\",\"breadcrumb\":{\"@id\":\"https:\\\/\\\/www.villa-collection.de\\\/de\\\/offene-stellen\\\/benefits\\\/#breadcrumb\"},\"inLanguage\":\"de\",\"potentialAction\":[{\"@type\":\"ReadAction\",\"target\":[\"https:\\\/\\\/www.villa-collection.de\\\/de\\\/offene-stellen\\\/benefits\\\/\"]}]},{\"@type\":\"ImageObject\",\"inLanguage\":\"de\",\"@id\":\"https:\\\/\\\/www.villa-collection.de\\\/de\\\/offene-stellen\\\/benefits\\\/#primaryimage\",\"url\":\"https:\\\/\\\/www.villa-collection.de\\\/wp-content\\\/uploads\\\/sites\\\/3\\\/2023\\\/11\\\/Sommerfest-Bilder-90-scaled.jpg\",\"contentUrl\":\"https:\\\/\\\/www.villa-collection.de\\\/wp-content\\\/uploads\\\/sites\\\/3\\\/2023\\\/11\\\/Sommerfest-Bilder-90-scaled.jpg\"},{\"@type\":\"BreadcrumbList\",\"@id\":\"https:\\\/\\\/www.villa-collection.de\\\/de\\\/offene-stellen\\\/benefits\\\/#breadcrumb\",\"itemListElement\":[{\"@type\":\"ListItem\",\"position\":1,\"name\":\"Startseite\",\"item\":\"https:\\\/\\\/www.villa-collection.de\\\/de\\\/\"},{\"@type\":\"ListItem\",\"position\":2,\"name\":\"Offene Stellen\",\"item\":\"https:\\\/\\\/www.villa-collection.de\\\/de\\\/offene-stellen\\\/\"},{\"@type\":\"ListItem\",\"position\":3,\"name\":\"Benefits\"}]},{\"@type\":\"WebSite\",\"@id\":\"https:\\\/\\\/www.villa-collection.de\\\/de\\\/#website\",\"url\":\"https:\\\/\\\/www.villa-collection.de\\\/de\\\/\",\"name\":\"Villa Collection\",\"description\":\"\",\"publisher\":{\"@id\":\"https:\\\/\\\/www.villa-collection.de\\\/de\\\/#organization\"},\"potentialAction\":[{\"@type\":\"SearchAction\",\"target\":{\"@type\":\"EntryPoint\",\"urlTemplate\":\"https:\\\/\\\/www.villa-collection.de\\\/de\\\/?s={search_term_string}\"},\"query-input\":{\"@type\":\"PropertyValueSpecification\",\"valueRequired\":true,\"valueName\":\"search_term_string\"}}],\"inLanguage\":\"de\"},{\"@type\":\"Organization\",\"@id\":\"https:\\\/\\\/www.villa-collection.de\\\/de\\\/#organization\",\"name\":\"Villa Collection\",\"url\":\"https:\\\/\\\/www.villa-collection.de\\\/de\\\/\",\"logo\":{\"@type\":\"ImageObject\",\"inLanguage\":\"de\",\"@id\":\"https:\\\/\\\/www.villa-collection.de\\\/de\\\/#\\\/schema\\\/logo\\\/image\\\/\",\"url\":\"\",\"contentUrl\":\"\",\"caption\":\"Villa Collection\"},\"image\":{\"@id\":\"https:\\\/\\\/www.villa-collection.de\\\/de\\\/#\\\/schema\\\/logo\\\/image\\\/\"}}]}<\/script>\n<!-- \/ Yoast SEO plugin. -->","yoast_head_json":{"title":"Benefits - Villa Collection","robots":{"index":"index","follow":"follow","max-snippet":"max-snippet:-1","max-image-preview":"max-image-preview:large","max-video-preview":"max-video-preview:-1"},"canonical":"https:\/\/www.villa-collection.de\/de\/offene-stellen\/benefits\/","og_locale":"de_DE","og_type":"article","og_title":"Benefits - Villa Collection","og_description":"Villa Collection Seite Deine Benefits &amp; Karrierechancen Bei uns gibt es zahlreiche M\u00f6glichkeiten f\u00fcr Deinen beruflichen Aufstieg und Entwicklung. Von einem Einstiegsjob als Rezeptionist oder Kellner bis hin zu F\u00fchrungspositionen wie Hotelmanager oder Operationsdirektor bieten wir vielf\u00e4ltige Karrierepfade. Au\u00dferdem bieten wir interne Schulungen und Weiterbildungsprogramme an, um Dich in deinen Karrierewegen zu unterst\u00fctzen. Mit Engagement, [&hellip;]","og_url":"https:\/\/www.villa-collection.de\/de\/offene-stellen\/benefits\/","og_site_name":"Villa Collection","article_modified_time":"2024-08-15T08:45:01+00:00","og_image":[{"url":"https:\/\/www.villa-collection.de\/wp-content\/uploads\/sites\/3\/2023\/11\/Sommerfest-Bilder-90-scaled.jpg","type":"","width":"","height":""}],"twitter_card":"summary_large_image","twitter_misc":{"Gesch\u00e4tzte Lesezeit":"2\u00a0Minuten"},"schema":{"@context":"https:\/\/schema.org","@graph":[{"@type":"WebPage","@id":"https:\/\/www.villa-collection.de\/de\/offene-stellen\/benefits\/","url":"https:\/\/www.villa-collection.de\/de\/offene-stellen\/benefits\/","name":"Benefits - Villa Collection","isPartOf":{"@id":"https:\/\/www.villa-collection.de\/de\/#website"},"primaryImageOfPage":{"@id":"https:\/\/www.villa-collection.de\/de\/offene-stellen\/benefits\/#primaryimage"},"image":{"@id":"https:\/\/www.villa-collection.de\/de\/offene-stellen\/benefits\/#primaryimage"},"thumbnailUrl":"https:\/\/www.villa-collection.de\/wp-content\/uploads\/sites\/3\/2023\/11\/Sommerfest-Bilder-90-scaled.jpg","datePublished":"2023-11-15T19:50:16+00:00","dateModified":"2024-08-15T08:45:01+00:00","breadcrumb":{"@id":"https:\/\/www.villa-collection.de\/de\/offene-stellen\/benefits\/#breadcrumb"},"inLanguage":"de","potentialAction":[{"@type":"ReadAction","target":["https:\/\/www.villa-collection.de\/de\/offene-stellen\/benefits\/"]}]},{"@type":"ImageObject","inLanguage":"de","@id":"https:\/\/www.villa-collection.de\/de\/offene-stellen\/benefits\/#primaryimage","url":"https:\/\/www.villa-collection.de\/wp-content\/uploads\/sites\/3\/2023\/11\/Sommerfest-Bilder-90-scaled.jpg","contentUrl":"https:\/\/www.villa-collection.de\/wp-content\/uploads\/sites\/3\/2023\/11\/Sommerfest-Bilder-90-scaled.jpg"},{"@type":"BreadcrumbList","@id":"https:\/\/www.villa-collection.de\/de\/offene-stellen\/benefits\/#breadcrumb","itemListElement":[{"@type":"ListItem","position":1,"name":"Startseite","item":"https:\/\/www.villa-collection.de\/de\/"},{"@type":"ListItem","position":2,"name":"Offene Stellen","item":"https:\/\/www.villa-collection.de\/de\/offene-stellen\/"},{"@type":"ListItem","position":3,"name":"Benefits"}]},{"@type":"WebSite","@id":"https:\/\/www.villa-collection.de\/de\/#website","url":"https:\/\/www.villa-collection.de\/de\/","name":"Villa Collection","description":"","publisher":{"@id":"https:\/\/www.villa-collection.de\/de\/#organization"},"potentialAction":[{"@type":"SearchAction","target":{"@type":"EntryPoint","urlTemplate":"https:\/\/www.villa-collection.de\/de\/?s={search_term_string}"},"query-input":{"@type":"PropertyValueSpecification","valueRequired":true,"valueName":"search_term_string"}}],"inLanguage":"de"},{"@type":"Organization","@id":"https:\/\/www.villa-collection.de\/de\/#organization","name":"Villa Collection","url":"https:\/\/www.villa-collection.de\/de\/","logo":{"@type":"ImageObject","inLanguage":"de","@id":"https:\/\/www.villa-collection.de\/de\/#\/schema\/logo\/image\/","url":"","contentUrl":"","caption":"Villa Collection"},"image":{"@id":"https:\/\/www.villa-collection.de\/de\/#\/schema\/logo\/image\/"}}]}},"_links":{"self":[{"href":"https:\/\/www.villa-collection.de\/de\/wp-json\/wp\/v2\/pages\/5297","targetHints":{"allow":["GET"]}}],"collection":[{"href":"https:\/\/www.villa-collection.de\/de\/wp-json\/wp\/v2\/pages"}],"about":[{"href":"https:\/\/www.villa-collection.de\/de\/wp-json\/wp\/v2\/types\/page"}],"author":[{"embeddable":true,"href":"https:\/\/www.villa-collection.de\/de\/wp-json\/wp\/v2\/users\/2"}],"replies":[{"embeddable":true,"href":"https:\/\/www.villa-collection.de\/de\/wp-json\/wp\/v2\/comments?post=5297"}],"version-history":[{"count":55,"href":"https:\/\/www.villa-collection.de\/de\/wp-json\/wp\/v2\/pages\/5297\/revisions"}],"predecessor-version":[{"id":7723,"href":"https:\/\/www.villa-collection.de\/de\/wp-json\/wp\/v2\/pages\/5297\/revisions\/7723"}],"up":[{"embeddable":true,"href":"https:\/\/www.villa-collection.de\/de\/wp-json\/wp\/v2\/pages\/4283"}],"wp:attachment":[{"href":"https:\/\/www.villa-collection.de\/de\/wp-json\/wp\/v2\/media?parent=5297"}],"curies":[{"name":"wp","href":"https:\/\/api.w.org\/{rel}","templated":true}]}}